{"id":439,"date":"2015-04-14T20:48:52","date_gmt":"2015-04-14T18:48:52","guid":{"rendered":"https:\/\/matchrn.unibas.ch\/?page_id=439\/"},"modified":"2018-03-09T10:16:14","modified_gmt":"2018-03-09T09:16:14","slug":"matchrn","status":"publish","type":"page","link":"https:\/\/matchrn.unibas.ch\/fr\/","title":{"rendered":"MatchRN"},"content":{"rendered":"[spb_text_block pb_margin_bottom=\u00a0\u00bbno\u00a0\u00bb pb_border_bottom=\u00a0\u00bbno\u00a0\u00bb width=\u00a0\u00bb1\/1&Prime; el_position=\u00a0\u00bbfirst last\u00a0\u00bb]\n<h1>\u00c9tude sur les changements de structures, de processus et de r\u00e9sultats des soins prodigu\u00e9s dans les h\u00f4pitaux suisses de soins aigus<\/h1>\n[\/spb_text_block] [blank_spacer height=\u00a0\u00bb20px\u00a0\u00bb width=\u00a0\u00bb1\/1&Prime; el_position=\u00a0\u00bbfirst last\u00a0\u00bb] [spb_column width=\u00a0\u00bb1\/3&Prime; el_position=\u00a0\u00bbfirst\u00a0\u00bb] [spb_text_block pb_margin_bottom=\u00a0\u00bbno\u00a0\u00bb pb_border_bottom=\u00a0\u00bbno\u00a0\u00bb width=\u00a0\u00bb1\/1&Prime; el_position=\u00a0\u00bbfirst last\u00a0\u00bb]\n<p><a href=\"https:\/\/nursing.unibas.ch\" target=\"_blank\" rel=\"noopener\"><img loading=\"lazy\" decoding=\"async\" class=\"wp-image-130 size-full alignnone\" src=\"https:\/\/matchrn.unibas.ch\/wp-content\/uploads\/2015\/04\/INS-research-project-university-of-basel.png\" alt=\"MatchRN is a Research Project of the Institute of Nursing Science \/ University of Basel\" width=\"500\" height=\"333\" srcset=\"https:\/\/matchrn.unibas.ch\/wp-content\/uploads\/2015\/04\/INS-research-project-university-of-basel.png 500w, https:\/\/matchrn.unibas.ch\/wp-content\/uploads\/2015\/04\/INS-research-project-university-of-basel-300x200.png 300w\" sizes=\"auto, (max-width: 500px) 100vw, 500px\" \/><\/a><\/p>\n[\/spb_text_block] [spb_text_block pb_margin_bottom=\u00a0\u00bbno\u00a0\u00bb pb_border_bottom=\u00a0\u00bbno\u00a0\u00bb width=\u00a0\u00bb1\/1&Prime; el_position=\u00a0\u00bbfirst last\u00a0\u00bb]\n<h5>Actualit\u00e9<\/h5>\n<hr \/>\n<div id=\"mtphr-dnt-586\" class=\"mtphr-dnt mtphr-dnt-586 mtphr-dnt-default mtphr-dnt-scroll mtphr-dnt-scroll-left\"><div class=\"mtphr-dnt-wrapper mtphr-dnt-clearfix\"><div class=\"mtphr-dnt-tick-container\"><div class=\"mtphr-dnt-tick-contents\"><div class=\"mtphr-dnt-tick mtphr-dnt-default-tick mtphr-dnt-clearfix \">La deuxi\u00e8me collecte de donn\u00e9es de Match<sup>RN<\/sup> est termin\u00e9e. Le nettoyage et l\u2019analyse des donn\u00e9es sont en cours. Les rapports d\u2019analyse comparative (benchmarking) seront publi\u00e9s en automne 2018!<\/div><div class=\"mtphr-dnt-tick mtphr-dnt-default-tick mtphr-dnt-clearfix \">***<\/div><\/div><\/div><\/div><\/div>\n[\/spb_text_block] [spb_text_block pb_margin_bottom=\u00a0\u00bbno\u00a0\u00bb pb_border_bottom=\u00a0\u00bbno\u00a0\u00bb width=\u00a0\u00bb1\/1&Prime; el_position=\u00a0\u00bbfirst last\u00a0\u00bb]\n<p><a href=\"https:\/\/matchrn.unibas.ch\/fr\/upcoming\/\"><img loading=\"lazy\" decoding=\"async\" class=\"alignnone wp-image-374 size-full\" src=\"https:\/\/matchrn.unibas.ch\/wp-content\/uploads\/2015\/04\/matchrn-results-2017.png\" alt=\"MatchRN Resultate\" width=\"500\" height=\"426\" srcset=\"https:\/\/matchrn.unibas.ch\/wp-content\/uploads\/2015\/04\/matchrn-results-2017.png 500w, https:\/\/matchrn.unibas.ch\/wp-content\/uploads\/2015\/04\/matchrn-results-2017-300x256.png 300w\" sizes=\"auto, (max-width: 500px) 100vw, 500px\" \/><\/a><\/p>\n[\/spb_text_block] [\/spb_column] [spb_column width=\u00a0\u00bb1\/3&Prime;] [spb_text_block pb_margin_bottom=\u00a0\u00bbno\u00a0\u00bb pb_border_bottom=\u00a0\u00bbno\u00a0\u00bb width=\u00a0\u00bb1\/1&Prime; el_position=\u00a0\u00bbfirst last\u00a0\u00bb]\n<p><img loading=\"lazy\" decoding=\"async\" class=\"alignnone wp-image-354 size-full\" src=\"https:\/\/matchrn.unibas.ch\/wp-content\/uploads\/2015\/04\/matchrn-about.png\" alt=\"\u00dcber MatchRN\" width=\"500\" height=\"333\" srcset=\"https:\/\/matchrn.unibas.ch\/wp-content\/uploads\/2015\/04\/matchrn-about.png 500w, https:\/\/matchrn.unibas.ch\/wp-content\/uploads\/2015\/04\/matchrn-about-300x200.png 300w\" sizes=\"auto, (max-width: 500px) 100vw, 500px\" \/><\/p>\n[\/spb_text_block] [spb_text_block pb_margin_bottom=\u00a0\u00bbno\u00a0\u00bb pb_border_bottom=\u00a0\u00bbno\u00a0\u00bb width=\u00a0\u00bb1\/1&Prime; el_position=\u00a0\u00bbfirst last\u00a0\u00bb]\n<h5>Qu&rsquo;est-ce que Match<sup>RN<\/sup><\/h5>\n<hr \/>\n<p>Match<sup>RN<\/sup> est une \u00e9tude multicentrique qui examine d&rsquo;une part les cons\u00e9quences de l&rsquo;introduction des forfaits par cas sur l&rsquo;environnement de travail du personnel de soins et sur les indicateurs de la s\u00e9curit\u00e9 des patients et qui offre d&rsquo;autre part aux cliniques participantes un benchmarking par unit\u00e9 et par h\u00f4pital. Les r\u00e9sultats aident les h\u00f4pitaux \u00e0 organiser au mieux l&rsquo;environnement de travail de leur personnel de soins pour s&rsquo;adapter aux changements des conditions cadres.<\/p>\n[\/spb_text_block] [\/spb_column] [spb_column width=\u00a0\u00bb1\/3&Prime; el_position=\u00a0\u00bblast\u00a0\u00bb] [spb_text_block pb_margin_bottom=\u00a0\u00bbno\u00a0\u00bb pb_border_bottom=\u00a0\u00bbno\u00a0\u00bb width=\u00a0\u00bb1\/1&Prime; el_position=\u00a0\u00bbfirst last\u00a0\u00bb]\n<p><img loading=\"lazy\" decoding=\"async\" class=\"alignnone wp-image-356 size-full\" src=\"https:\/\/matchrn.unibas.ch\/wp-content\/uploads\/2015\/04\/matchrn-studie-1.png\" width=\"500\" height=\"333\" srcset=\"https:\/\/matchrn.unibas.ch\/wp-content\/uploads\/2015\/04\/matchrn-studie-1.png 500w, https:\/\/matchrn.unibas.ch\/wp-content\/uploads\/2015\/04\/matchrn-studie-1-300x200.png 300w\" sizes=\"auto, (max-width: 500px) 100vw, 500px\" \/><\/p>\n[\/spb_text_block] [spb_text_block pb_margin_bottom=\u00a0\u00bbno\u00a0\u00bb pb_border_bottom=\u00a0\u00bbno\u00a0\u00bb width=\u00a0\u00bb1\/1&Prime; el_position=\u00a0\u00bbfirst last\u00a0\u00bb]\n<h5>Plan de projet<\/h5>\n<hr \/>\n<p>Vous trouverez <a href=\"https:\/\/matchrn.unibas.ch\/fr\/etude\/\">ici<\/a> un r\u00e9sum\u00e9 du plan de projet de l&rsquo;\u00e9tude Match<sup>RN<\/sup>.<\/p>\n[\/spb_text_block] [\/spb_column]<\/p>\n","protected":false},"excerpt":{"rendered":"<p>[spb_text_block pb_margin_bottom=\u00a0\u00bbno\u00a0\u00bb pb_border_bottom=\u00a0\u00bbno\u00a0\u00bb width=\u00a0\u00bb1\/1&Prime; el_position=\u00a0\u00bbfirst last\u00a0\u00bb] \u00c9tude sur les changements de structures, de processus et de r\u00e9sultats des soins prodigu\u00e9s dans les h\u00f4pitaux suisses de soins aigus [\/spb_text_block] [blank_spacer height=\u00a0\u00bb20px\u00a0\u00bb width=\u00a0\u00bb1\/1&Prime; el_position=\u00a0\u00bbfirst last\u00a0\u00bb] [spb_column width=\u00a0\u00bb1\/3&Prime; el_position=\u00a0\u00bbfirst\u00a0\u00bb] [spb_text_block pb_margin_bottom=\u00a0\u00bbno\u00a0\u00bb pb_border_bottom=\u00a0\u00bbno\u00a0\u00bb width=\u00a0\u00bb1\/1&Prime; el_position=\u00a0\u00bbfirst last\u00a0\u00bb] [\/spb_text_block] [spb_text_block pb_margin_bottom=\u00a0\u00bbno\u00a0\u00bb pb_border_bottom=\u00a0\u00bbno\u00a0\u00bb width=\u00a0\u00bb1\/1&Prime; el_position=\u00a0\u00bbfirst last\u00a0\u00bb] Actualit\u00e9 [\/spb_text_block] [spb_text_block pb_margin_bottom=\u00a0\u00bbno\u00a0\u00bb pb_border_bottom=\u00a0\u00bbno\u00a0\u00bb width=\u00a0\u00bb1\/1&Prime; el_position=\u00a0\u00bbfirst last\u00a0\u00bb] [\/spb_text_block] [\/spb_column] [spb_column [&hellip;]<\/p>\n","protected":false},"author":1,"featured_media":0,"parent":0,"menu_order":0,"comment_status":"open","ping_status":"open","template":"","meta":{"footnotes":""},"class_list":["post-439","page","type-page","status-publish","hentry"],"_links":{"self":[{"href":"https:\/\/matchrn.unibas.ch\/fr\/wp-json\/wp\/v2\/pages\/439","targetHints":{"allow":["GET"]}}],"collection":[{"href":"https:\/\/matchrn.unibas.ch\/fr\/wp-json\/wp\/v2\/pages"}],"about":[{"href":"https:\/\/matchrn.unibas.ch\/fr\/wp-json\/wp\/v2\/types\/page"}],"author":[{"embeddable":true,"href":"https:\/\/matchrn.unibas.ch\/fr\/wp-json\/wp\/v2\/users\/1"}],"replies":[{"embeddable":true,"href":"https:\/\/matchrn.unibas.ch\/fr\/wp-json\/wp\/v2\/comments?post=439"}],"version-history":[{"count":12,"href":"https:\/\/matchrn.unibas.ch\/fr\/wp-json\/wp\/v2\/pages\/439\/revisions"}],"predecessor-version":[{"id":587,"href":"https:\/\/matchrn.unibas.ch\/fr\/wp-json\/wp\/v2\/pages\/439\/revisions\/587"}],"wp:attachment":[{"href":"https:\/\/matchrn.unibas.ch\/fr\/wp-json\/wp\/v2\/media?parent=439"}],"curies":[{"name":"wp","href":"https:\/\/api.w.org\/{rel}","templated":true}]}}