{"id":469,"date":"2018-02-17T16:22:43","date_gmt":"2018-02-17T15:22:43","guid":{"rendered":"https:\/\/matchrn.unibas.ch\/?page_id=469\/"},"modified":"2018-02-17T17:37:26","modified_gmt":"2018-02-17T16:37:26","slug":"contact","status":"publish","type":"page","link":"https:\/\/matchrn.unibas.ch\/fr\/contact\/","title":{"rendered":"Contact"},"content":{"rendered":"[blank_spacer height=\u00a0\u00bb15px\u00a0\u00bb width=\u00a0\u00bb1\/1&Prime; el_position=\u00a0\u00bbfirst last\u00a0\u00bb] [spb_column width=\u00a0\u00bb1\/2&Prime; el_position=\u00a0\u00bbfirst\u00a0\u00bb] [spb_gmaps address=\u00a0\u00bbBernoullistrasse 28, 4056 Basel\u00a0\u00bb size=\u00a0\u00bb300&Prime; type=\u00a0\u00bbROADMAP\u00a0\u00bb zoom=\u00a0\u00bb14&Prime; color=\u00a0\u00bb#A5D7D2&Prime; saturation=\u00a0\u00bbcolor\u00a0\u00bb pinlink=\u00a0\u00bbhttps:\/\/www.google.com\/maps\/place\/47\u00b033&rsquo;36.7%22N+7\u00b034&rsquo;51.8%22E\/@47.5601954,7.5810569,17z\/data=!3m1!4b1!4m2!3m1!1s0x0:0x0&Prime; fullscreen=\u00a0\u00bbno\u00a0\u00bb width=\u00a0\u00bb1\/1&Prime; el_position=\u00a0\u00bbfirst last\u00a0\u00bb] [\/spb_column] [spb_column width=\u00a0\u00bb1\/2&Prime; el_position=\u00a0\u00bblast\u00a0\u00bb] [spb_text_block pb_margin_bottom=\u00a0\u00bbno\u00a0\u00bb pb_border_bottom=\u00a0\u00bbno\u00a0\u00bb width=\u00a0\u00bb1\/1&Prime; el_position=\u00a0\u00bbfirst last\u00a0\u00bb]\n<p><strong>Institut de sciences infirmi\u00e8res<br \/>\n<\/strong><strong>Universit\u00e9 de B\u00e2le<\/strong><\/p>\n<p class=\"p1\"><strong><br \/>\n<\/strong>Bernoullistrasse 28<br \/>\n4056 Basel<\/p>\n<p><a href=\"mailto:info@matchrn.org\">info@matchrn.org<br \/>\n<\/a><a href=\"https:\/\/nursing.unibas.ch\" target=\"_blank\" rel=\"noopener noreferrer\">www.nursing.unibas.ch<\/a><\/p>\n[\/spb_text_block] [\/spb_column]<\/p>\n","protected":false},"excerpt":{"rendered":"<p>[blank_spacer height=\u00a0\u00bb15px\u00a0\u00bb width=\u00a0\u00bb1\/1&Prime; el_position=\u00a0\u00bbfirst last\u00a0\u00bb] [spb_column width=\u00a0\u00bb1\/2&Prime; el_position=\u00a0\u00bbfirst\u00a0\u00bb] [spb_gmaps address=\u00a0\u00bbBernoullistrasse 28, 4056 Basel\u00a0\u00bb size=\u00a0\u00bb300&Prime; type=\u00a0\u00bbROADMAP\u00a0\u00bb zoom=\u00a0\u00bb14&Prime; color=\u00a0\u00bb#A5D7D2&Prime; saturation=\u00a0\u00bbcolor\u00a0\u00bb pinlink=\u00a0\u00bbhttps:\/\/www.google.com\/maps\/place\/47\u00b033&rsquo;36.7%22N+7\u00b034&rsquo;51.8%22E\/@47.5601954,7.5810569,17z\/data=!3m1!4b1!4m2!3m1!1s0x0:0x0&Prime; fullscreen=\u00a0\u00bbno\u00a0\u00bb width=\u00a0\u00bb1\/1&Prime; el_position=\u00a0\u00bbfirst last\u00a0\u00bb] [\/spb_column] [spb_column width=\u00a0\u00bb1\/2&Prime; el_position=\u00a0\u00bblast\u00a0\u00bb] [spb_text_block pb_margin_bottom=\u00a0\u00bbno\u00a0\u00bb pb_border_bottom=\u00a0\u00bbno\u00a0\u00bb width=\u00a0\u00bb1\/1&Prime; el_position=\u00a0\u00bbfirst last\u00a0\u00bb] Institut de sciences infirmi\u00e8res Universit\u00e9 de B\u00e2le Bernoullistrasse 28 4056 Basel info@matchrn.org www.nursing.unibas.ch [\/spb_text_block] [\/spb_column]<\/p>\n","protected":false},"author":1,"featured_media":0,"parent":0,"menu_order":0,"comment_status":"closed","ping_status":"closed","template":"","meta":{"footnotes":""},"class_list":["post-469","page","type-page","status-publish","hentry"],"_links":{"self":[{"href":"https:\/\/matchrn.unibas.ch\/fr\/wp-json\/wp\/v2\/pages\/469","targetHints":{"allow":["GET"]}}],"collection":[{"href":"https:\/\/matchrn.unibas.ch\/fr\/wp-json\/wp\/v2\/pages"}],"about":[{"href":"https:\/\/matchrn.unibas.ch\/fr\/wp-json\/wp\/v2\/types\/page"}],"author":[{"embeddable":true,"href":"https:\/\/matchrn.unibas.ch\/fr\/wp-json\/wp\/v2\/users\/1"}],"replies":[{"embeddable":true,"href":"https:\/\/matchrn.unibas.ch\/fr\/wp-json\/wp\/v2\/comments?post=469"}],"version-history":[{"count":3,"href":"https:\/\/matchrn.unibas.ch\/fr\/wp-json\/wp\/v2\/pages\/469\/revisions"}],"predecessor-version":[{"id":557,"href":"https:\/\/matchrn.unibas.ch\/fr\/wp-json\/wp\/v2\/pages\/469\/revisions\/557"}],"wp:attachment":[{"href":"https:\/\/matchrn.unibas.ch\/fr\/wp-json\/wp\/v2\/media?parent=469"}],"curies":[{"name":"wp","href":"https:\/\/api.w.org\/{rel}","templated":true}]}}