{"id":471,"date":"2018-02-17T16:33:14","date_gmt":"2018-02-17T15:33:14","guid":{"rendered":"https:\/\/matchrn.unibas.ch\/?page_id=471\/"},"modified":"2018-06-28T16:25:41","modified_gmt":"2018-06-28T14:25:41","slug":"participer-en-tant-quhopital","status":"publish","type":"page","link":"https:\/\/matchrn.unibas.ch\/fr\/participer-en-tant-quhopital\/","title":{"rendered":"Participer en tant qu\u2019h\u00f4pital"},"content":{"rendered":"<p>[spb_column width=\u00a0\u00bb1\/4&Prime; el_position=\u00a0\u00bbfirst\u00a0\u00bb] [sidebar_widget sidebar_id=\u00a0\u00bbsidebar-2&Prime; width=\u00a0\u00bb1\/1&Prime; el_position=\u00a0\u00bbfirst last\u00a0\u00bb] [\/spb_column] [spb_column width=\u00a0\u00bb3\/4&Prime; el_position=\u00a0\u00bblast\u00a0\u00bb] [spb_text_block pb_margin_bottom=\u00a0\u00bbno\u00a0\u00bb pb_border_bottom=\u00a0\u00bbno\u00a0\u00bb width=\u00a0\u00bb1\/1&Prime; el_position=\u00a0\u00bbfirst last\u00a0\u00bb]\n<h4>Participer en tant qu\u2019h\u00f4pital<\/h4>\n[\/spb_text_block] [spb_text_block pb_margin_bottom=\u00a0\u00bbno\u00a0\u00bb pb_border_bottom=\u00a0\u00bbno\u00a0\u00bb width=\u00a0\u00bb1\/1&Prime; el_position=\u00a0\u00bbfirst last\u00a0\u00bb]\n<p>L&rsquo;enqu\u00eate 2017\/2018 est termin\u00e9e. La prochaine enqu\u00eate devrait avoir lieu en 2020\/2021. Nous vous en informerons au d\u00e9but de l&rsquo;ann\u00e9e 2019. <a href=\"https:\/\/matchrn.unibas.ch\/fr\/contact\/\">N&rsquo;h\u00e9sitez pas \u00e0 nous contacter<\/a> si vous \u00eates int\u00e9ress\u00e9 par le prochain sondage!<\/p>\n[\/spb_text_block] [\/spb_column]<\/p>\n","protected":false},"excerpt":{"rendered":"<p>[spb_column width=\u00a0\u00bb1\/4&Prime; el_position=\u00a0\u00bbfirst\u00a0\u00bb] [sidebar_widget sidebar_id=\u00a0\u00bbsidebar-2&Prime; width=\u00a0\u00bb1\/1&Prime; el_position=\u00a0\u00bbfirst last\u00a0\u00bb] [\/spb_column] [spb_column width=\u00a0\u00bb3\/4&Prime; el_position=\u00a0\u00bblast\u00a0\u00bb] [spb_text_block pb_margin_bottom=\u00a0\u00bbno\u00a0\u00bb pb_border_bottom=\u00a0\u00bbno\u00a0\u00bb width=\u00a0\u00bb1\/1&Prime; el_position=\u00a0\u00bbfirst last\u00a0\u00bb] Participer en tant qu\u2019h\u00f4pital [\/spb_text_block] [spb_text_block pb_margin_bottom=\u00a0\u00bbno\u00a0\u00bb pb_border_bottom=\u00a0\u00bbno\u00a0\u00bb width=\u00a0\u00bb1\/1&Prime; el_position=\u00a0\u00bbfirst last\u00a0\u00bb] L&rsquo;enqu\u00eate 2017\/2018 est termin\u00e9e. La prochaine enqu\u00eate devrait avoir lieu en 2020\/2021. Nous vous en informerons au d\u00e9but de l&rsquo;ann\u00e9e 2019. N&rsquo;h\u00e9sitez pas \u00e0 nous contacter si vous \u00eates int\u00e9ress\u00e9 par [&hellip;]<\/p>\n","protected":false},"author":1,"featured_media":0,"parent":0,"menu_order":0,"comment_status":"closed","ping_status":"open","template":"","meta":{"footnotes":""},"class_list":["post-471","page","type-page","status-publish","hentry"],"_links":{"self":[{"href":"https:\/\/matchrn.unibas.ch\/fr\/wp-json\/wp\/v2\/pages\/471","targetHints":{"allow":["GET"]}}],"collection":[{"href":"https:\/\/matchrn.unibas.ch\/fr\/wp-json\/wp\/v2\/pages"}],"about":[{"href":"https:\/\/matchrn.unibas.ch\/fr\/wp-json\/wp\/v2\/types\/page"}],"author":[{"embeddable":true,"href":"https:\/\/matchrn.unibas.ch\/fr\/wp-json\/wp\/v2\/users\/1"}],"replies":[{"embeddable":true,"href":"https:\/\/matchrn.unibas.ch\/fr\/wp-json\/wp\/v2\/comments?post=471"}],"version-history":[{"count":6,"href":"https:\/\/matchrn.unibas.ch\/fr\/wp-json\/wp\/v2\/pages\/471\/revisions"}],"predecessor-version":[{"id":648,"href":"https:\/\/matchrn.unibas.ch\/fr\/wp-json\/wp\/v2\/pages\/471\/revisions\/648"}],"wp:attachment":[{"href":"https:\/\/matchrn.unibas.ch\/fr\/wp-json\/wp\/v2\/media?parent=471"}],"curies":[{"name":"wp","href":"https:\/\/api.w.org\/{rel}","templated":true}]}}