{"id":475,"date":"2018-02-17T16:28:55","date_gmt":"2018-02-17T15:28:55","guid":{"rendered":"https:\/\/matchrn.unibas.ch\/?page_id=475\/"},"modified":"2018-06-28T16:23:36","modified_gmt":"2018-06-28T14:23:36","slug":"participer-partie-prenante","status":"publish","type":"page","link":"https:\/\/matchrn.unibas.ch\/fr\/participer-partie-prenante\/","title":{"rendered":"Participer en tant que partie prenante"},"content":{"rendered":"<p>[spb_column width=\u00a0\u00bb1\/4&Prime; el_position=\u00a0\u00bbfirst\u00a0\u00bb] [sidebar_widget sidebar_id=\u00a0\u00bbsidebar-2&Prime; width=\u00a0\u00bb1\/1&Prime; el_position=\u00a0\u00bbfirst last\u00a0\u00bb] [\/spb_column] [spb_column width=\u00a0\u00bb3\/4&Prime; el_position=\u00a0\u00bblast\u00a0\u00bb] [spb_text_block pb_margin_bottom=\u00a0\u00bbno\u00a0\u00bb pb_border_bottom=\u00a0\u00bbno\u00a0\u00bb width=\u00a0\u00bb1\/1&Prime; el_position=\u00a0\u00bbfirst last\u00a0\u00bb]\n<h4>Participer en tant que partie prenante<\/h4>\n[\/spb_text_block] [spb_text_block pb_margin_bottom=\u00a0\u00bbno\u00a0\u00bb pb_border_bottom=\u00a0\u00bbno\u00a0\u00bb width=\u00a0\u00bb1\/1&Prime; el_position=\u00a0\u00bbfirst last\u00a0\u00bb]\n<p>Match<sup>RN<\/sup>\u00a0travaille selon le principe du convoi: la collaboration avec les parties prenantes et les personnes concern\u00e9es assure que les th\u00e9matiques et analyses examin\u00e9es sont pertinentes pour les institutions participantes et d\u2019autres instances.<\/p>\n<p>N\u2019h\u00e9sitez pas \u00e0 nous envoyer un <a href=\"mailto:info@matchrn.org\">e-mail<\/a> si vous souhaitez rejoindre un groupe de parties prenantes Match<sup>RN<\/sup>.<\/p>\n<p>Les organisations suivantes soutiennent l\u2019\u00e9tude Match<sup>RN<\/sup> en tant que parties prenantes:<\/p>\n<ul>\n<li><em><strong>ASI <\/strong><\/em>L&rsquo;Association suisse des infirmiers et infirmi\u00e8res<\/li>\n<li><em><strong>BAG\u00a0<\/strong><\/em>Office f\u00e9d\u00e9ral de la sant\u00e9 publique OFSP<\/li>\n<li><em><strong>BFS\u00a0<\/strong><\/em>Office f\u00e9d\u00e9ral de la statistique<\/li>\n<li><em><strong>DVSP\u00a0<\/strong><\/em>F\u00e9d\u00e9ration Suisse des Patients<\/li>\n<li><em><strong>Ecoplan\u00a0<\/strong><\/em>Economic Research and Policy Consultancy<\/li>\n<li><em><strong>GDS\u00a0<\/strong><\/em>Conf\u00e9rence suisse des directrices et directeurs cantonaux de la Sant\u00e9<\/li>\n<li><em><strong>H+\u00a0<\/strong><\/em>Les H\u00f4pitaux de Suisse<\/li>\n<li><em><strong>LEP\u00a0<\/strong><\/em>M\u00e9thode pour la documentation et l&rsquo;\u00e9valuation de prestations dans le domaine de la sant\u00e9<\/li>\n<li><em><strong>OdASant\u00e9 <\/strong><\/em>L&rsquo;organisation nationale fa\u00eeti\u00e8re du monde du travail en sant\u00e9<\/li>\n<li><em><strong>sant\u00e9suisse\u00a0<\/strong><\/em>Les assureurs-maladie suisses<\/li>\n<li><em><strong>Swiss Nurse Leaders<\/strong><\/em><\/li>\n<li>H\u00f4pitaux et particuliers<\/li>\n<\/ul>\n[\/spb_text_block] [\/spb_column]<\/p>\n","protected":false},"excerpt":{"rendered":"<p>[spb_column width=\u00a0\u00bb1\/4&Prime; el_position=\u00a0\u00bbfirst\u00a0\u00bb] [sidebar_widget sidebar_id=\u00a0\u00bbsidebar-2&Prime; width=\u00a0\u00bb1\/1&Prime; el_position=\u00a0\u00bbfirst last\u00a0\u00bb] [\/spb_column] [spb_column width=\u00a0\u00bb3\/4&Prime; el_position=\u00a0\u00bblast\u00a0\u00bb] [spb_text_block pb_margin_bottom=\u00a0\u00bbno\u00a0\u00bb pb_border_bottom=\u00a0\u00bbno\u00a0\u00bb width=\u00a0\u00bb1\/1&Prime; el_position=\u00a0\u00bbfirst last\u00a0\u00bb] Participer en tant que partie prenante [\/spb_text_block] [spb_text_block pb_margin_bottom=\u00a0\u00bbno\u00a0\u00bb pb_border_bottom=\u00a0\u00bbno\u00a0\u00bb width=\u00a0\u00bb1\/1&Prime; el_position=\u00a0\u00bbfirst last\u00a0\u00bb] MatchRN\u00a0travaille selon le principe du convoi: la collaboration avec les parties prenantes et les personnes concern\u00e9es assure que les th\u00e9matiques et analyses examin\u00e9es sont pertinentes pour les institutions participantes [&hellip;]<\/p>\n","protected":false},"author":1,"featured_media":0,"parent":0,"menu_order":0,"comment_status":"closed","ping_status":"open","template":"","meta":{"footnotes":""},"class_list":["post-475","page","type-page","status-publish","hentry"],"_links":{"self":[{"href":"https:\/\/matchrn.unibas.ch\/fr\/wp-json\/wp\/v2\/pages\/475","targetHints":{"allow":["GET"]}}],"collection":[{"href":"https:\/\/matchrn.unibas.ch\/fr\/wp-json\/wp\/v2\/pages"}],"about":[{"href":"https:\/\/matchrn.unibas.ch\/fr\/wp-json\/wp\/v2\/types\/page"}],"author":[{"embeddable":true,"href":"https:\/\/matchrn.unibas.ch\/fr\/wp-json\/wp\/v2\/users\/1"}],"replies":[{"embeddable":true,"href":"https:\/\/matchrn.unibas.ch\/fr\/wp-json\/wp\/v2\/comments?post=475"}],"version-history":[{"count":11,"href":"https:\/\/matchrn.unibas.ch\/fr\/wp-json\/wp\/v2\/pages\/475\/revisions"}],"predecessor-version":[{"id":584,"href":"https:\/\/matchrn.unibas.ch\/fr\/wp-json\/wp\/v2\/pages\/475\/revisions\/584"}],"wp:attachment":[{"href":"https:\/\/matchrn.unibas.ch\/fr\/wp-json\/wp\/v2\/media?parent=475"}],"curies":[{"name":"wp","href":"https:\/\/api.w.org\/{rel}","templated":true}]}}